{"id":1260,"date":"2024-11-05T15:01:30","date_gmt":"2024-11-05T20:01:30","guid":{"rendered":"https:\/\/maxillomauricie.com\/litterature-et-communications\/"},"modified":"2024-11-08T08:33:52","modified_gmt":"2024-11-08T13:33:52","slug":"literature-and-communications","status":"publish","type":"page","link":"https:\/\/maxillomauricie.com\/en\/literature-and-communications\/","title":{"rendered":"Literature and communications"},"content":{"rendered":"<section class=\"l-section wpb_row us_custom_a6ce01ec height_huge parallax_ver\"><div class=\"l-section-h i-cf\"><div class=\"g-cols vc_row via_flex valign_top type_default stacking_default\"><div class=\"vc_col-sm-12 wpb_column vc_column_container\"><div class=\"vc_column-inner\"><div class=\"wpb_wrapper\"><div class=\"w-separator size_custom\" style=\"height:300px\"><\/div><\/div><\/div><\/div><\/div><\/div><\/section><section class=\"l-section wpb_row height_huge\"><div class=\"l-section-h i-cf\"><div class=\"g-cols vc_row via_flex valign_top type_default stacking_default\"><div class=\"vc_col-sm-12 wpb_column vc_column_container\"><div class=\"vc_column-inner\"><div class=\"wpb_wrapper\"><div class=\"wpb_text_column\"><div class=\"wpb_wrapper\"><h1 style=\"text-align: center;\">Literature and communications<\/h1>\n<\/div><\/div><div class=\"w-separator size_small\"><\/div><div class=\"wpb_text_column subphrase\"><div class=\"wpb_wrapper\"><p style=\"text-align: center;\">You now have access to documentation specially designed to help you support your patients. These resources aim to facilitate your practice by providing you with practical information and advice. Do not hesitate to consult them.<\/p>\n<\/div><\/div><div class=\"w-separator size_large\"><\/div><div class=\"w-grid us_grid grid-documents type_grid layout_1233 cols_3 pagination_ajax preload_style_spinner with_css_animation\" id=\"us_grid_1\" style=\"--columns:3;--gap:1.5rem;\" data-filterable=\"true\"><style>@media (max-width:1024px){#us_grid_1{--columns:2!important}}@media (max-width:600px){#us_grid_1{--columns:1!important}}.layout_1233 .w-grid-item-h{}.layout_1233 .usg_post_title_1{margin-bottom:1.5rem!important}.layout_1233 .usg_post_date_1{margin-bottom:1rem!important}<\/style><div class=\"w-grid-list\">\t<article class=\"w-grid-item us_animate_afb size_1x1 post-1263 post type-post status-publish format-link hentry category-non-classifiee post_format-post-format-link\" data-id=\"1263\" style=\"animation-delay:0s\">\r\n\t\t<div class=\"w-grid-item-h\">\r\n\t\t\t\t\t\t\t<a href=\"https:\/\/www.radiodontics.com\/panoramic-radiopacities\/\" class=\"w-grid-item-anchor\" target=\"_blank\" aria-label=\"Panoramic Radiopacities\"><\/a>\r\n\t\t\t\t\t\t<time class=\"w-post-elm post_date usg_post_date_1 entry-date published\" datetime=\"2024-11-06T16:11:25-05:00\">6 November 2024<\/time><h2 class=\"w-post-elm post_title usg_post_title_1 entry-title color_link_inherit\">Panoramic Radiopacities<\/h2>\t\t<\/div>\r\n\t\t\t<\/article>\r\n\t<article class=\"w-grid-item us_animate_afb size_1x1 post-1 post type-post status-publish format-standard hentry category-non-classifiee\" data-id=\"1\" style=\"animation-delay:0.1s\">\r\n\t\t<div class=\"w-grid-item-h\">\r\n\t\t\t\t\t\t\t<a href=\"https:\/\/maxillomauricie.com\/en\/resume-sur-les-dernieres-evidences-scientifiques-sur-losteonecrose-des-machoires\/\" class=\"w-grid-item-anchor\" aria-label=\"Re\u0301sume\u0301 sur les dernie\u0300res e\u0301vidences scientifiques sur l&#8217;oste\u0301one\u0301crose des ma\u0302choires\"><\/a>\r\n\t\t\t\t\t\t<time class=\"w-post-elm post_date usg_post_date_1 entry-date published\" datetime=\"2024-11-05T14:36:04-05:00\">5 November 2024<\/time><h2 class=\"w-post-elm post_title usg_post_title_1 entry-title color_link_inherit\">Re\u0301sume\u0301 sur les dernie\u0300res e\u0301vidences scientifiques sur l&#8217;oste\u0301one\u0301crose des ma\u0302choires<\/h2><div class=\"w-post-elm post_content usg_post_content_1\"><p>Nous tenions \u00e0 vous informer de certains changements quant \u00e0 la proc\u00e9dure de r\u00e9f\u00e9rence que nous privil\u00e9gions pour les patients sous traitement avec agents anti-r\u00e9sorptifs (i.e. biphosphonates, Denosumab, Romosozumab).<\/p>\n<\/div>\t\t<\/div>\r\n\t\t\t<\/article>\r\n\t<article class=\"w-grid-item us_animate_afb size_1x1 post-1244 post type-post status-publish format-standard hentry category-non-classifiee\" data-id=\"1244\" style=\"animation-delay:0.2s\">\r\n\t\t<div class=\"w-grid-item-h\">\r\n\t\t\t\t\t\t\t<a href=\"https:\/\/maxillomauricie.com\/en\/precisions-sur-loffre-de-service-en-chirurgie-buccale-et-maxillo-faciale\/\" class=\"w-grid-item-anchor\" aria-label=\"Pre\u0301cisions sur l\u2019offre de service en chirurgie buccale et maxillo-faciale\"><\/a>\r\n\t\t\t\t\t\t<time class=\"w-post-elm post_date usg_post_date_1 entry-date published\" datetime=\"2024-08-19T16:05:18-04:00\">19 August 2024<\/time><h2 class=\"w-post-elm post_title usg_post_title_1 entry-title color_link_inherit\">Pre\u0301cisions sur l\u2019offre de service en chirurgie buccale et maxillo-faciale<\/h2><div class=\"w-post-elm post_content usg_post_content_1\"><p>La pre\u0301sente a pour but de pre\u0301ciser la nature des soins offerts en chirurgie maxillo-faciale au sein du CIUSSS-MCQ afin de mieux diriger vos patients.<\/p>\n<\/div>\t\t<\/div>\r\n\t\t\t<\/article>\r\n\t<article class=\"w-grid-item us_animate_afb size_1x1 post-1248 post type-post status-publish format-standard hentry category-non-classifiee\" data-id=\"1248\" style=\"animation-delay:0.3s\">\r\n\t\t<div class=\"w-grid-item-h\">\r\n\t\t\t\t\t\t\t<a href=\"https:\/\/maxillomauricie.com\/en\/procedure-en-cas-durgence\/\" class=\"w-grid-item-anchor\" aria-label=\"Proce\u0301dure en cas d&#8217;urgence\"><\/a>\r\n\t\t\t\t\t\t<time class=\"w-post-elm post_date usg_post_date_1 entry-date published\" datetime=\"2023-02-09T16:10:24-05:00\">9 February 2023<\/time><h2 class=\"w-post-elm post_title usg_post_title_1 entry-title color_link_inherit\">Proce\u0301dure en cas d&#8217;urgence<\/h2><div class=\"w-post-elm post_content usg_post_content_1\"><p>La pre\u0301sente a pour but de pre\u0301ciser la marche a\u0300 suivre lorsque vous envisagez re\u0301fe\u0301rer un patient a\u0300 l\u2019urgence.<\/p>\n<\/div>\t\t<\/div>\r\n\t\t\t<\/article>\r\n<\/div>\t<div class=\"w-grid-preloader\">\r\n\t\t<div class=\"g-preloader type_4\">\r\n\t\t\t<div><\/div>\r\n\t\t<\/div>\r\n\t<\/div>\r\n\t\t<div class=\"w-grid-json hidden\" onclick='return {&quot;action&quot;:&quot;us_ajax_grid&quot;,&quot;infinite_scroll&quot;:0,&quot;max_num_pages&quot;:1,&quot;pagination&quot;:&quot;ajax&quot;,&quot;template_vars&quot;:{&quot;columns&quot;:&quot;3&quot;,&quot;exclude_items&quot;:&quot;none&quot;,&quot;img_size&quot;:&quot;default&quot;,&quot;ignore_items_size&quot;:0,&quot;items_layout&quot;:&quot;1233&quot;,&quot;items_offset&quot;:&quot;1&quot;,&quot;load_animation&quot;:&quot;afb&quot;,&quot;overriding_link&quot;:&quot;%7B%22type%22%3A%22post%22%7D&quot;,&quot;post_id&quot;:0,&quot;query_args&quot;:{&quot;post_type&quot;:[&quot;post&quot;],&quot;post_status&quot;:[&quot;publish&quot;],&quot;posts_per_page&quot;:&quot;10&quot;},&quot;orderby_query_args&quot;:{&quot;orderby&quot;:{&quot;date&quot;:&quot;DESC&quot;}},&quot;type&quot;:&quot;grid&quot;,&quot;us_grid_post_type&quot;:&quot;post&quot;,&quot;us_grid_ajax_index&quot;:1,&quot;us_grid_filter_query_string&quot;:null,&quot;us_grid_index&quot;:1,&quot;page_args&quot;:[],&quot;lang&quot;:&quot;en&quot;}}'><\/div>\r\n\t<\/div><\/div><\/div><\/div><\/div><\/div><\/section>\n","protected":false},"excerpt":{"rendered":"Chers re\u0301fe\u0301rents, La pre\u0301sente a pour but de pre\u0301ciser la marche a\u0300 suivre lorsque vous envisagez re\u0301fe\u0301rer un patient a\u0300 l\u2019urgence. Lorsqu\u2019une telle situation se pre\u0301sente, nous vous recommandons de communiquer directement avec notre clinique. Vous pourrez faire un re\u0301sume\u0301 au chirurgien de garde. Si la situation ne\u0301cessite une intervention imme\u0301diate, le chirurgien prendra rapidement...","protected":false},"author":1,"featured_media":0,"parent":0,"menu_order":0,"comment_status":"closed","ping_status":"closed","template":"","meta":{"inline_featured_image":false,"footnotes":""},"class_list":["post-1260","page","type-page","status-publish","hentry"],"yoast_head":"<!-- This site is optimized with the Yoast SEO plugin v27.4 - https:\/\/yoast.com\/product\/yoast-seo-wordpress\/ -->\n<title>Literature and communications | Maxillo-Mauricie<\/title>\n<meta name=\"robots\" content=\"index, follow, max-snippet:-1, max-image-preview:large, max-video-preview:-1\" \/>\n<link rel=\"canonical\" href=\"https:\/\/maxillomauricie.com\/en\/literature-and-communications\/\" \/>\n<meta property=\"og:locale\" content=\"en_US\" \/>\n<meta property=\"og:type\" content=\"article\" \/>\n<meta property=\"og:title\" content=\"Literature and communications | Maxillo-Mauricie\" \/>\n<meta property=\"og:url\" content=\"https:\/\/maxillomauricie.com\/en\/literature-and-communications\/\" \/>\n<meta property=\"og:site_name\" content=\"Maxillo-Mauricie\" \/>\n<meta property=\"article:publisher\" content=\"https:\/\/www.facebook.com\/MaxilloMauricie\/\" \/>\n<meta property=\"article:modified_time\" content=\"2024-11-08T13:33:52+00:00\" \/>\n<meta property=\"og:image\" content=\"https:\/\/maxillomauricie.com\/wp-content\/uploads\/2018\/03\/clinique-maxillo-mauricie-logo.png\" \/>\n\t<meta property=\"og:image:width\" content=\"623\" \/>\n\t<meta property=\"og:image:height\" content=\"414\" \/>\n\t<meta property=\"og:image:type\" content=\"image\/png\" \/>\n<meta name=\"twitter:card\" content=\"summary_large_image\" \/>\n<meta name=\"twitter:label1\" content=\"Est. reading time\" \/>\n\t<meta name=\"twitter:data1\" content=\"1 minute\" \/>\n<script type=\"application\/ld+json\" class=\"yoast-schema-graph\">{\"@context\":\"https:\\\/\\\/schema.org\",\"@graph\":[{\"@type\":\"WebPage\",\"@id\":\"https:\\\/\\\/maxillomauricie.com\\\/en\\\/literature-and-communications\\\/\",\"url\":\"https:\\\/\\\/maxillomauricie.com\\\/en\\\/literature-and-communications\\\/\",\"name\":\"Literature and communications | Maxillo-Mauricie\",\"isPartOf\":{\"@id\":\"https:\\\/\\\/maxillomauricie.com\\\/en\\\/#website\"},\"datePublished\":\"2024-11-05T20:01:30+00:00\",\"dateModified\":\"2024-11-08T13:33:52+00:00\",\"breadcrumb\":{\"@id\":\"https:\\\/\\\/maxillomauricie.com\\\/en\\\/literature-and-communications\\\/#breadcrumb\"},\"inLanguage\":\"en-US\",\"potentialAction\":[{\"@type\":\"ReadAction\",\"target\":[\"https:\\\/\\\/maxillomauricie.com\\\/en\\\/literature-and-communications\\\/\"]}]},{\"@type\":\"BreadcrumbList\",\"@id\":\"https:\\\/\\\/maxillomauricie.com\\\/en\\\/literature-and-communications\\\/#breadcrumb\",\"itemListElement\":[{\"@type\":\"ListItem\",\"position\":1,\"name\":\"Accueil\",\"item\":\"https:\\\/\\\/maxillomauricie.com\\\/en\\\/\"},{\"@type\":\"ListItem\",\"position\":2,\"name\":\"Literature and communications\"}]},{\"@type\":\"WebSite\",\"@id\":\"https:\\\/\\\/maxillomauricie.com\\\/en\\\/#website\",\"url\":\"https:\\\/\\\/maxillomauricie.com\\\/en\\\/\",\"name\":\"Clinique Maxillo-Mauricie\",\"description\":\"Chirurgie buccale et maxillo-faciale\",\"publisher\":{\"@id\":\"https:\\\/\\\/maxillomauricie.com\\\/en\\\/#organization\"},\"potentialAction\":[{\"@type\":\"SearchAction\",\"target\":{\"@type\":\"EntryPoint\",\"urlTemplate\":\"https:\\\/\\\/maxillomauricie.com\\\/en\\\/?s={search_term_string}\"},\"query-input\":{\"@type\":\"PropertyValueSpecification\",\"valueRequired\":true,\"valueName\":\"search_term_string\"}}],\"inLanguage\":\"en-US\"},{\"@type\":\"Organization\",\"@id\":\"https:\\\/\\\/maxillomauricie.com\\\/en\\\/#organization\",\"name\":\"Clinique Maxillo-Mauricie\",\"url\":\"https:\\\/\\\/maxillomauricie.com\\\/en\\\/\",\"logo\":{\"@type\":\"ImageObject\",\"inLanguage\":\"en-US\",\"@id\":\"https:\\\/\\\/maxillomauricie.com\\\/en\\\/#\\\/schema\\\/logo\\\/image\\\/\",\"url\":\"https:\\\/\\\/maxillomauricie.com\\\/wp-content\\\/uploads\\\/2018\\\/03\\\/clinique-maxillo-mauricie-logo.png\",\"contentUrl\":\"https:\\\/\\\/maxillomauricie.com\\\/wp-content\\\/uploads\\\/2018\\\/03\\\/clinique-maxillo-mauricie-logo.png\",\"width\":623,\"height\":414,\"caption\":\"Clinique Maxillo-Mauricie\"},\"image\":{\"@id\":\"https:\\\/\\\/maxillomauricie.com\\\/en\\\/#\\\/schema\\\/logo\\\/image\\\/\"},\"sameAs\":[\"https:\\\/\\\/www.facebook.com\\\/MaxilloMauricie\\\/\"]}]}<\/script>\n<!-- \/ Yoast SEO plugin. -->","yoast_head_json":{"title":"Literature and communications | Maxillo-Mauricie","robots":{"index":"index","follow":"follow","max-snippet":"max-snippet:-1","max-image-preview":"max-image-preview:large","max-video-preview":"max-video-preview:-1"},"canonical":"https:\/\/maxillomauricie.com\/en\/literature-and-communications\/","og_locale":"en_US","og_type":"article","og_title":"Literature and communications | Maxillo-Mauricie","og_url":"https:\/\/maxillomauricie.com\/en\/literature-and-communications\/","og_site_name":"Maxillo-Mauricie","article_publisher":"https:\/\/www.facebook.com\/MaxilloMauricie\/","article_modified_time":"2024-11-08T13:33:52+00:00","og_image":[{"width":623,"height":414,"url":"https:\/\/maxillomauricie.com\/wp-content\/uploads\/2018\/03\/clinique-maxillo-mauricie-logo.png","type":"image\/png"}],"twitter_card":"summary_large_image","twitter_misc":{"Est. reading time":"1 minute"},"schema":{"@context":"https:\/\/schema.org","@graph":[{"@type":"WebPage","@id":"https:\/\/maxillomauricie.com\/en\/literature-and-communications\/","url":"https:\/\/maxillomauricie.com\/en\/literature-and-communications\/","name":"Literature and communications | Maxillo-Mauricie","isPartOf":{"@id":"https:\/\/maxillomauricie.com\/en\/#website"},"datePublished":"2024-11-05T20:01:30+00:00","dateModified":"2024-11-08T13:33:52+00:00","breadcrumb":{"@id":"https:\/\/maxillomauricie.com\/en\/literature-and-communications\/#breadcrumb"},"inLanguage":"en-US","potentialAction":[{"@type":"ReadAction","target":["https:\/\/maxillomauricie.com\/en\/literature-and-communications\/"]}]},{"@type":"BreadcrumbList","@id":"https:\/\/maxillomauricie.com\/en\/literature-and-communications\/#breadcrumb","itemListElement":[{"@type":"ListItem","position":1,"name":"Accueil","item":"https:\/\/maxillomauricie.com\/en\/"},{"@type":"ListItem","position":2,"name":"Literature and communications"}]},{"@type":"WebSite","@id":"https:\/\/maxillomauricie.com\/en\/#website","url":"https:\/\/maxillomauricie.com\/en\/","name":"Clinique Maxillo-Mauricie","description":"Chirurgie buccale et maxillo-faciale","publisher":{"@id":"https:\/\/maxillomauricie.com\/en\/#organization"},"potentialAction":[{"@type":"SearchAction","target":{"@type":"EntryPoint","urlTemplate":"https:\/\/maxillomauricie.com\/en\/?s={search_term_string}"},"query-input":{"@type":"PropertyValueSpecification","valueRequired":true,"valueName":"search_term_string"}}],"inLanguage":"en-US"},{"@type":"Organization","@id":"https:\/\/maxillomauricie.com\/en\/#organization","name":"Clinique Maxillo-Mauricie","url":"https:\/\/maxillomauricie.com\/en\/","logo":{"@type":"ImageObject","inLanguage":"en-US","@id":"https:\/\/maxillomauricie.com\/en\/#\/schema\/logo\/image\/","url":"https:\/\/maxillomauricie.com\/wp-content\/uploads\/2018\/03\/clinique-maxillo-mauricie-logo.png","contentUrl":"https:\/\/maxillomauricie.com\/wp-content\/uploads\/2018\/03\/clinique-maxillo-mauricie-logo.png","width":623,"height":414,"caption":"Clinique Maxillo-Mauricie"},"image":{"@id":"https:\/\/maxillomauricie.com\/en\/#\/schema\/logo\/image\/"},"sameAs":["https:\/\/www.facebook.com\/MaxilloMauricie\/"]}]}},"_links":{"self":[{"href":"https:\/\/maxillomauricie.com\/en\/wp-json\/wp\/v2\/pages\/1260","targetHints":{"allow":["GET"]}}],"collection":[{"href":"https:\/\/maxillomauricie.com\/en\/wp-json\/wp\/v2\/pages"}],"about":[{"href":"https:\/\/maxillomauricie.com\/en\/wp-json\/wp\/v2\/types\/page"}],"author":[{"embeddable":true,"href":"https:\/\/maxillomauricie.com\/en\/wp-json\/wp\/v2\/users\/1"}],"replies":[{"embeddable":true,"href":"https:\/\/maxillomauricie.com\/en\/wp-json\/wp\/v2\/comments?post=1260"}],"version-history":[{"count":0,"href":"https:\/\/maxillomauricie.com\/en\/wp-json\/wp\/v2\/pages\/1260\/revisions"}],"wp:attachment":[{"href":"https:\/\/maxillomauricie.com\/en\/wp-json\/wp\/v2\/media?parent=1260"}],"curies":[{"name":"wp","href":"https:\/\/api.w.org\/{rel}","templated":true}]}}